{"id":278,"date":"2021-06-16T19:37:41","date_gmt":"2021-06-16T17:37:41","guid":{"rendered":"http:\/\/mierbaacher.lu\/?page_id=278"},"modified":"2022-05-01T20:29:34","modified_gmt":"2022-05-01T18:29:34","slug":"informations-legales","status":"publish","type":"page","link":"https:\/\/mierbaacher.lu\/informations-legales\/","title":{"rendered":"G\u00e9n\u00e9ralit\u00e9s"},"content":{"rendered":"\n<p style=\"font-size:20px\"><strong>Responsable du site<\/strong><\/p>\n\n\n\n<p>Herman Jean-Paul<br>Luxembourg<\/p>\n\n\n\n<p>Contact : raykimmi@pt.lu<\/p>\n\n\n\n<p style=\"font-size:20px\"><strong>Droit applicable<\/strong><\/p>\n\n\n\n<p>Ce site est soumis \u00e0 la l\u00e9gislation luxembourgeoise r\u00e9gissant la mati\u00e8re. Tous les articles et toutes les pages sont diffus\u00e9s dans le respect des termes de la loi, laquelle conf\u00e8re au lecteur divers droits et devoirs. L&rsquo;\u00e9diteur du site pour sa part s&rsquo;engage \u00e0 respecter les r\u00e8gles suivantes:<\/p>\n\n\n\n<ul><li>Disposer du droit de diffuser sur son site les contenus des divers articles et pages.<\/li><li>V\u00e9rifier, dans la mesure du possible, la validation des informations diffus\u00e9es au public.<\/li><li>Respecter les r\u00e8gles de d\u00e9ontologie journalistique en vigueur.<\/li><li>Indiquer la nature \u00e9ditoriale des contenus.<\/li><li>Autoriser le lecteur \u00e0 imprimer en tout ou en partie des pages\/articles du site pour son usage strictement personnel.<\/li><\/ul>\n\n\n\n<p style=\"font-size:20px\"><strong>Propri\u00e9t\u00e9 intellectuelle<\/strong><\/p>\n\n\n\n<p>Ce site b\u00e9n\u00e9ficie de la protection juridique des bases de donn\u00e9es conform\u00e9ment aux dispositions l\u00e9gales r\u00e9gissant la mati\u00e8re. Le lecteur n&rsquo;acquiert aucun droit de reproduction, sous quelque forme que ce soit si ce n&rsquo;est celui d&rsquo;une copie unique destin\u00e9e \u00e0 un usage strictement personnel. En d&rsquo;autres termes, le lecteur n&rsquo;acquiert qu&rsquo;un droit d&rsquo;usage des publications disponibles (photos, textes, logos, enregistrements, &#8230;.), sauf autorisation pr\u00e9alable accord\u00e9e par l&rsquo;\u00e9diteur du site. Le copyright court \u00e0 partir de l&rsquo;ann\u00e9e 2021, ann\u00e9e de la premi\u00e8re mise du site sur Internet.<\/p>\n\n\n\n<p style=\"font-size:20px\"><strong>Confidentialit\u00e9<\/strong><\/p>\n\n\n\n<p>Le responsable du site s&rsquo;engage sur l&rsquo;honneur \u00e0 respecter les conditions l\u00e9gales de confidentialit\u00e9 applicables au Luxembourg, ainsi que de ne pas divulguer \u00e0 des tiers les informations personnelles re\u00e7ues par courriel.<\/p>\n\n\n\n<p style=\"font-size:20px\"><strong>Liens hypertexte<\/strong><\/p>\n\n\n\n<p>En vue d&rsquo;apporter un compl\u00e9ment d&rsquo;informations, quelques liens hypertexte ont \u00e9t\u00e9 int\u00e9gr\u00e9s dans les textes. L&rsquo;\u00e9diteur ne saurait voir sa responsabilit\u00e9 engag\u00e9e \u00e0 raison du contenu des informations diffus\u00e9es sur ces sites.<\/p>\n\n\n\n<p style=\"font-size:20px\"><strong>Publicit\u00e9<\/strong><\/p>\n\n\n\n<p>Le site www.mierbaacher.lu n&rsquo;accueille jusqu&rsquo;\u00e0 pr\u00e9sent aucune publicit\u00e9.<\/p>\n","protected":false},"excerpt":{"rendered":"<p>Responsable du site Herman Jean-PaulLuxembourg Contact : raykimmi@pt.lu Droit applicable Ce site est soumis \u00e0 la l\u00e9gislation luxembourgeoise r\u00e9gissant la mati\u00e8re. Tous les articles et toutes les pages sont diffus\u00e9s dans le respect des termes de la loi, laquelle conf\u00e8re au lecteur divers droits et devoirs. L&rsquo;\u00e9diteur du site pour sa part s&rsquo;engage \u00e0 respecter &hellip; <\/p>\n<p class=\"link-more\"><a href=\"https:\/\/mierbaacher.lu\/informations-legales\/\" class=\"more-link\">Continuer la lecture<span class=\"screen-reader-text\"> de &laquo;&nbsp;G\u00e9n\u00e9ralit\u00e9s&nbsp;&raquo;<\/span><\/a><\/p>\n","protected":false},"author":1,"featured_media":0,"parent":0,"menu_order":10,"comment_status":"closed","ping_status":"closed","template":"","meta":{"footnotes":""},"aioseo_notices":[],"_links":{"self":[{"href":"https:\/\/mierbaacher.lu\/wp-json\/wp\/v2\/pages\/278"}],"collection":[{"href":"https:\/\/mierbaacher.lu\/wp-json\/wp\/v2\/pages"}],"about":[{"href":"https:\/\/mierbaacher.lu\/wp-json\/wp\/v2\/types\/page"}],"author":[{"embeddable":true,"href":"https:\/\/mierbaacher.lu\/wp-json\/wp\/v2\/users\/1"}],"replies":[{"embeddable":true,"href":"https:\/\/mierbaacher.lu\/wp-json\/wp\/v2\/comments?post=278"}],"version-history":[{"count":9,"href":"https:\/\/mierbaacher.lu\/wp-json\/wp\/v2\/pages\/278\/revisions"}],"predecessor-version":[{"id":336,"href":"https:\/\/mierbaacher.lu\/wp-json\/wp\/v2\/pages\/278\/revisions\/336"}],"wp:attachment":[{"href":"https:\/\/mierbaacher.lu\/wp-json\/wp\/v2\/media?parent=278"}],"curies":[{"name":"wp","href":"https:\/\/api.w.org\/{rel}","templated":true}]}}